{"id":4160,"date":"2024-12-28T12:28:32","date_gmt":"2024-12-28T12:28:32","guid":{"rendered":"https:\/\/porterboat.hu\/schiffe\/angel-und-ausflugsboote\/"},"modified":"2026-03-19T10:19:20","modified_gmt":"2026-03-19T10:19:20","slug":"angelboote-und-ausflugsboote","status":"publish","type":"page","link":"https:\/\/porterboat.hu\/de\/schiffe\/angelboote-und-ausflugsboote\/","title":{"rendered":"Angelboote und Ausflugsboote"},"content":{"rendered":"\t\t<div data-elementor-type=\"wp-page\" data-elementor-id=\"4160\" class=\"elementor elementor-4160 elementor-1820\" data-elementor-post-type=\"page\">\n\t\t\t\t\t\t<section class=\"elementor-section elementor-top-section elementor-element elementor-element-e4e54ae elementor-section-boxed elementor-section-height-default elementor-section-height-default\" data-id=\"e4e54ae\" data-element_type=\"section\" data-settings=\"{&quot;background_background&quot;:&quot;classic&quot;}\">\n\t\t\t\t\t\t<div class=\"elementor-container elementor-column-gap-default\">\n\t\t\t\t\t<div class=\"elementor-column elementor-col-100 elementor-top-column elementor-element elementor-element-a14feff\" data-id=\"a14feff\" data-element_type=\"column\">\n\t\t\t<div class=\"elementor-widget-wrap elementor-element-populated\">\n\t\t\t\t\t\t<div class=\"elementor-element elementor-element-ea7f0e0 elementor-widget elementor-widget-spacer\" data-id=\"ea7f0e0\" data-element_type=\"widget\" data-widget_type=\"spacer.default\">\n\t\t\t\t<div class=\"elementor-widget-container\">\n\t\t\t\t\t\t\t<div class=\"elementor-spacer\">\n\t\t\t<div class=\"elementor-spacer-inner\"><\/div>\n\t\t<\/div>\n\t\t\t\t\t\t<\/div>\n\t\t\t\t<\/div>\n\t\t\t\t<div class=\"elementor-element elementor-element-b77a5b5 elementor-widget elementor-widget-text-editor\" data-id=\"b77a5b5\" data-element_type=\"widget\" data-widget_type=\"text-editor.default\">\n\t\t\t\t<div class=\"elementor-widget-container\">\n\t\t\t\t\t\t\t\t\t<h1 style=\"font-size: 50px; text-align: center;\"><span style=\"color: #ffffff;\">Unsere Angelboote und Ausflugsboote<\/span><\/h1>\t\t\t\t\t\t\t\t<\/div>\n\t\t\t\t<\/div>\n\t\t\t\t<div class=\"elementor-element elementor-element-4bea504 elementor-widget elementor-widget-text-editor\" data-id=\"4bea504\" data-element_type=\"widget\" data-widget_type=\"text-editor.default\">\n\t\t\t\t<div class=\"elementor-widget-container\">\n\t\t\t\t\t\t\t\t\t<p style=\"text-align: center; font-size: 20px;\">W\u00e4hlen Sie den f\u00fcr Sie passenden Bootstyp!<\/p>\t\t\t\t\t\t\t\t<\/div>\n\t\t\t\t<\/div>\n\t\t\t\t\t<\/div>\n\t\t<\/div>\n\t\t\t\t\t<\/div>\n\t\t<\/section>\n\t\t\t\t<section class=\"elementor-section elementor-top-section elementor-element elementor-element-a186f33 image-enlarge elementor-section-boxed elementor-section-height-default elementor-section-height-default\" data-id=\"a186f33\" data-element_type=\"section\" data-settings=\"{&quot;background_background&quot;:&quot;classic&quot;}\">\n\t\t\t\t\t\t<div class=\"elementor-container elementor-column-gap-default\">\n\t\t\t\t\t<div data-etheme-element-link=\"{&quot;url&quot;:&quot;https:\\\/\\\/porterboat.hu\\\/de\\\/schiffe\\\/angelboote-und-ausflugsboote\\\/porter-x40-angelboot\\\/&quot;,&quot;is_external&quot;:&quot;&quot;,&quot;nofollow&quot;:&quot;&quot;,&quot;custom_attributes&quot;:&quot;&quot;}\" style=\"cursor: pointer\" class=\"elementor-column elementor-col-33 elementor-top-column elementor-element elementor-element-0913a0b\" data-id=\"0913a0b\" data-element_type=\"column\">\n\t\t\t<div class=\"elementor-widget-wrap elementor-element-populated\">\n\t\t\t\t\t\t<div class=\"elementor-element elementor-element-591e1e8 elementor-widget elementor-widget-image\" data-id=\"591e1e8\" data-element_type=\"widget\" data-widget_type=\"image.default\">\n\t\t\t\t<div class=\"elementor-widget-container\">\n\t\t\t\t\t\t\t\t\t\t\t\t\t\t\t<img fetchpriority=\"high\" decoding=\"async\" width=\"800\" height=\"450\" src=\"https:\/\/porterboat.hu\/wp-content\/uploads\/elementor\/thumbs\/xstore-placeholder-qyp7iawuqvpzhrfzsminp8byb9veek3zg54nng6t0o.png\" class=\"attachment-full size-full wp-image-2183 lazyload lazyload-simple et-lazyload-fadeIn\" alt=\"\" sizes=\"(max-width: 800px) 100vw, 800px\" data-src=\"https:\/\/porterboat.hu\/wp-content\/uploads\/2025\/01\/porter-x40.jpg\" data-srcset=\"https:\/\/porterboat.hu\/wp-content\/uploads\/2025\/01\/porter-x40.jpg 800w, https:\/\/porterboat.hu\/wp-content\/uploads\/2025\/01\/porter-x40-300x169.jpg 300w, https:\/\/porterboat.hu\/wp-content\/uploads\/2025\/01\/porter-x40-768x432.jpg 768w, https:\/\/porterboat.hu\/wp-content\/uploads\/2025\/01\/porter-x40-18x10.jpg 18w, https:\/\/porterboat.hu\/wp-content\/uploads\/2025\/01\/porter-x40-600x338.jpg 600w, https:\/\/porterboat.hu\/wp-content\/uploads\/2025\/01\/porter-x40-1x1.jpg 1w, https:\/\/porterboat.hu\/wp-content\/uploads\/2025\/01\/porter-x40-10x6.jpg 10w\" \/>\t\t\t\t\t\t\t\t\t\t\t\t\t\t\t<\/div>\n\t\t\t\t<\/div>\n\t\t\t\t<div class=\"elementor-element elementor-element-0edc694 elementor-widget elementor-widget-text-editor\" data-id=\"0edc694\" data-element_type=\"widget\" data-widget_type=\"text-editor.default\">\n\t\t\t\t<div class=\"elementor-widget-container\">\n\t\t\t\t\t\t\t\t\t<h2 style=\"text-align: center;\"><span style=\"color: #7392dd;\">Porter X40 <span style=\"color: #ffffff;\">Angelboot<\/span><\/span><\/h2>\t\t\t\t\t\t\t\t<\/div>\n\t\t\t\t<\/div>\n\t\t\t\t\t<\/div>\n\t\t<\/div>\n\t\t\t\t<div data-etheme-element-link=\"{&quot;url&quot;:&quot;https:\\\/\\\/porterboat.hu\\\/de\\\/schiffe\\\/angelboote-und-ausflugsboote\\\/porter-x45-angelboot\\\/&quot;,&quot;is_external&quot;:&quot;&quot;,&quot;nofollow&quot;:&quot;&quot;,&quot;custom_attributes&quot;:&quot;&quot;}\" style=\"cursor: pointer\" class=\"elementor-column elementor-col-33 elementor-top-column elementor-element elementor-element-21a89a7\" data-id=\"21a89a7\" data-element_type=\"column\">\n\t\t\t<div class=\"elementor-widget-wrap elementor-element-populated\">\n\t\t\t\t\t\t<div class=\"elementor-element elementor-element-f501609 elementor-widget elementor-widget-image\" data-id=\"f501609\" data-element_type=\"widget\" data-widget_type=\"image.default\">\n\t\t\t\t<div class=\"elementor-widget-container\">\n\t\t\t\t\t\t\t\t\t\t\t\t\t\t\t<img decoding=\"async\" width=\"800\" height=\"450\" src=\"https:\/\/porterboat.hu\/wp-content\/uploads\/elementor\/thumbs\/xstore-placeholder-qyp7iawuqvpzhrfzsminp8byb9veek3zg54nng6t0o.png\" class=\"attachment-full size-full wp-image-2184 lazyload lazyload-simple et-lazyload-fadeIn\" alt=\"\" sizes=\"(max-width: 800px) 100vw, 800px\" data-src=\"https:\/\/porterboat.hu\/wp-content\/uploads\/2025\/01\/porter-x45.jpg\" data-srcset=\"https:\/\/porterboat.hu\/wp-content\/uploads\/2025\/01\/porter-x45.jpg 800w, https:\/\/porterboat.hu\/wp-content\/uploads\/2025\/01\/porter-x45-300x169.jpg 300w, https:\/\/porterboat.hu\/wp-content\/uploads\/2025\/01\/porter-x45-768x432.jpg 768w, https:\/\/porterboat.hu\/wp-content\/uploads\/2025\/01\/porter-x45-18x10.jpg 18w, https:\/\/porterboat.hu\/wp-content\/uploads\/2025\/01\/porter-x45-600x338.jpg 600w, https:\/\/porterboat.hu\/wp-content\/uploads\/2025\/01\/porter-x45-1x1.jpg 1w, https:\/\/porterboat.hu\/wp-content\/uploads\/2025\/01\/porter-x45-10x6.jpg 10w\" \/>\t\t\t\t\t\t\t\t\t\t\t\t\t\t\t<\/div>\n\t\t\t\t<\/div>\n\t\t\t\t<div class=\"elementor-element elementor-element-0f29c5c elementor-widget elementor-widget-text-editor\" data-id=\"0f29c5c\" data-element_type=\"widget\" data-widget_type=\"text-editor.default\">\n\t\t\t\t<div class=\"elementor-widget-container\">\n\t\t\t\t\t\t\t\t\t<h2 style=\"text-align: center;\"><span style=\"color: #7392dd;\">Porter X45 <span style=\"color: #ffffff;\">Angelboot<\/span><\/span><\/h2>\t\t\t\t\t\t\t\t<\/div>\n\t\t\t\t<\/div>\n\t\t\t\t\t<\/div>\n\t\t<\/div>\n\t\t\t\t<div data-etheme-element-link=\"{&quot;url&quot;:&quot;https:\\\/\\\/porterboat.hu\\\/de\\\/schiffe\\\/angelboote-und-ausflugsboote\\\/porter-x50-angelboot\\\/&quot;,&quot;is_external&quot;:&quot;&quot;,&quot;nofollow&quot;:&quot;&quot;,&quot;custom_attributes&quot;:&quot;&quot;}\" style=\"cursor: pointer\" class=\"elementor-column elementor-col-33 elementor-top-column elementor-element elementor-element-674edc7\" data-id=\"674edc7\" data-element_type=\"column\">\n\t\t\t<div class=\"elementor-widget-wrap elementor-element-populated\">\n\t\t\t\t\t\t<div class=\"elementor-element elementor-element-86713f7 elementor-widget elementor-widget-image\" data-id=\"86713f7\" data-element_type=\"widget\" data-widget_type=\"image.default\">\n\t\t\t\t<div class=\"elementor-widget-container\">\n\t\t\t\t\t\t\t\t\t\t\t\t\t\t\t<img decoding=\"async\" src=\"https:\/\/porterboat.hu\/wp-content\/uploads\/elementor\/thumbs\/porter-x50-01-r96awzc3wjawq8hlsg75mrl4xjucggq09w3nibhi8k.jpg\" title=\"porter-x50-01\" alt=\"porter-x50-01\" loading=\"lazy\" \/>\t\t\t\t\t\t\t\t\t\t\t\t\t\t\t<\/div>\n\t\t\t\t<\/div>\n\t\t\t\t<div class=\"elementor-element elementor-element-15299b4 elementor-widget elementor-widget-text-editor\" data-id=\"15299b4\" data-element_type=\"widget\" data-widget_type=\"text-editor.default\">\n\t\t\t\t<div class=\"elementor-widget-container\">\n\t\t\t\t\t\t\t\t\t<h2 style=\"text-align: center;\"><span style=\"color: #7392dd;\">Porter X50 <span style=\"color: #ffffff;\">Angelboot<\/span><\/span><\/h2>\t\t\t\t\t\t\t\t<\/div>\n\t\t\t\t<\/div>\n\t\t\t\t\t<\/div>\n\t\t<\/div>\n\t\t\t\t\t<\/div>\n\t\t<\/section>\n\t\t\t\t<section class=\"elementor-section elementor-top-section elementor-element elementor-element-b32c09b image-enlarge elementor-section-boxed elementor-section-height-default elementor-section-height-default\" data-id=\"b32c09b\" data-element_type=\"section\" data-settings=\"{&quot;background_background&quot;:&quot;classic&quot;}\">\n\t\t\t\t\t\t<div class=\"elementor-container elementor-column-gap-default\">\n\t\t\t\t\t<div data-etheme-element-link=\"{&quot;url&quot;:&quot;https:\\\/\\\/porterboat.hu\\\/de\\\/schiffe\\\/angelboote-und-ausflugsboote\\\/porter-x50-dc-angelboot\\\/&quot;,&quot;is_external&quot;:&quot;&quot;,&quot;nofollow&quot;:&quot;&quot;,&quot;custom_attributes&quot;:&quot;&quot;}\" style=\"cursor: pointer\" class=\"elementor-column elementor-col-33 elementor-top-column elementor-element elementor-element-35edbfd\" data-id=\"35edbfd\" data-element_type=\"column\">\n\t\t\t<div class=\"elementor-widget-wrap elementor-element-populated\">\n\t\t\t\t\t\t<div class=\"elementor-element elementor-element-3c7f80a elementor-widget elementor-widget-image\" data-id=\"3c7f80a\" data-element_type=\"widget\" data-widget_type=\"image.default\">\n\t\t\t\t<div class=\"elementor-widget-container\">\n\t\t\t\t\t\t\t\t\t\t\t\t\t\t\t<img decoding=\"async\" src=\"https:\/\/porterboat.hu\/wp-content\/uploads\/elementor\/thumbs\/porterboat-x50dc-01-rja708lir2lxe4g101w1ztruddeyu5yopajjm6mw0k.jpg\" title=\"porterboat-x50dc-01\" alt=\"porterboat-x50dc-01\" loading=\"lazy\" \/>\t\t\t\t\t\t\t\t\t\t\t\t\t\t\t<\/div>\n\t\t\t\t<\/div>\n\t\t\t\t<div class=\"elementor-element elementor-element-42f577e elementor-widget elementor-widget-text-editor\" data-id=\"42f577e\" data-element_type=\"widget\" data-widget_type=\"text-editor.default\">\n\t\t\t\t<div class=\"elementor-widget-container\">\n\t\t\t\t\t\t\t\t\t<h2 style=\"text-align: center;\"><span style=\"color: #7392dd;\">Porter X50 DC <span style=\"color: #ffffff;\">Angelboot<\/span><\/span><\/h2>\t\t\t\t\t\t\t\t<\/div>\n\t\t\t\t<\/div>\n\t\t\t\t\t<\/div>\n\t\t<\/div>\n\t\t\t\t<div data-etheme-element-link=\"{&quot;url&quot;:&quot;https:\\\/\\\/porterboat.hu\\\/de\\\/schiffe\\\/angelboote-und-ausflugsboote\\\/porter-j50-boot\\\/&quot;,&quot;is_external&quot;:&quot;&quot;,&quot;nofollow&quot;:&quot;&quot;,&quot;custom_attributes&quot;:&quot;&quot;}\" style=\"cursor: pointer\" class=\"elementor-column elementor-col-33 elementor-top-column elementor-element elementor-element-59800b3\" data-id=\"59800b3\" data-element_type=\"column\">\n\t\t\t<div class=\"elementor-widget-wrap elementor-element-populated\">\n\t\t\t\t\t\t<div class=\"elementor-element elementor-element-04522f8 elementor-widget elementor-widget-image\" data-id=\"04522f8\" data-element_type=\"widget\" data-widget_type=\"image.default\">\n\t\t\t\t<div class=\"elementor-widget-container\">\n\t\t\t\t\t\t\t\t\t\t\t\t\t\t\t<img decoding=\"async\" src=\"https:\/\/porterboat.hu\/wp-content\/uploads\/elementor\/thumbs\/porter-j50-thumbnail-r96br9ow4critwhsxjidz4fu0ik4hcyn3suw7aktqs.jpg\" title=\"porter-j50-thumbnail\" alt=\"porter-j50-thumbnail\" loading=\"lazy\" \/>\t\t\t\t\t\t\t\t\t\t\t\t\t\t\t<\/div>\n\t\t\t\t<\/div>\n\t\t\t\t<div class=\"elementor-element elementor-element-9e109c0 elementor-widget elementor-widget-text-editor\" data-id=\"9e109c0\" data-element_type=\"widget\" data-widget_type=\"text-editor.default\">\n\t\t\t\t<div class=\"elementor-widget-container\">\n\t\t\t\t\t\t\t\t\t<h2 style=\"text-align: center;\"><span style=\"color: #7392dd;\">Porter J50 Boat <span style=\"color: #ffffff;\">Angelboot<\/span><\/span><\/h2>\t\t\t\t\t\t\t\t<\/div>\n\t\t\t\t<\/div>\n\t\t\t\t\t<\/div>\n\t\t<\/div>\n\t\t\t\t<div data-etheme-element-link=\"{&quot;url&quot;:&quot;https:\\\/\\\/porterboat.hu\\\/de\\\/schiffe\\\/angelboote-und-ausflugsboote\\\/porter-aluminium-angelboot\\\/&quot;,&quot;is_external&quot;:&quot;&quot;,&quot;nofollow&quot;:&quot;&quot;,&quot;custom_attributes&quot;:&quot;&quot;}\" style=\"cursor: pointer\" class=\"elementor-column elementor-col-33 elementor-top-column elementor-element elementor-element-82213df\" data-id=\"82213df\" data-element_type=\"column\">\n\t\t\t<div class=\"elementor-widget-wrap elementor-element-populated\">\n\t\t\t\t\t\t<div class=\"elementor-element elementor-element-7d8eeb0 elementor-widget elementor-widget-image\" data-id=\"7d8eeb0\" data-element_type=\"widget\" data-widget_type=\"image.default\">\n\t\t\t\t<div class=\"elementor-widget-container\">\n\t\t\t\t\t\t\t\t\t\t\t\t\t\t\t<img decoding=\"async\" src=\"https:\/\/porterboat.hu\/wp-content\/uploads\/elementor\/thumbs\/porter-aluminium-ladik-01-rkqf38ycdrjp4v3hrem1z96sv0h3m4tk936qq8d1n8.jpg\" title=\"porter-aluminium-ladik-01\" alt=\"porter-aluminium-ladik-01\" loading=\"lazy\" \/>\t\t\t\t\t\t\t\t\t\t\t\t\t\t\t<\/div>\n\t\t\t\t<\/div>\n\t\t\t\t<div class=\"elementor-element elementor-element-dd54284 elementor-widget elementor-widget-text-editor\" data-id=\"dd54284\" data-element_type=\"widget\" data-widget_type=\"text-editor.default\">\n\t\t\t\t<div class=\"elementor-widget-container\">\n\t\t\t\t\t\t\t\t\t<h2 style=\"text-align: center;\"><span style=\"color: #7392dd;\">Porter Aluminium <span style=\"color: #ffffff;\">Angelboot<\/span><\/span><\/h2>\t\t\t\t\t\t\t\t<\/div>\n\t\t\t\t<\/div>\n\t\t\t\t\t<\/div>\n\t\t<\/div>\n\t\t\t\t\t<\/div>\n\t\t<\/section>\n\t\t\t\t<section class=\"elementor-section elementor-top-section elementor-element elementor-element-fc46bd4 image-enlarge elementor-section-boxed elementor-section-height-default elementor-section-height-default\" data-id=\"fc46bd4\" data-element_type=\"section\" data-settings=\"{&quot;background_background&quot;:&quot;classic&quot;}\">\n\t\t\t\t\t\t<div class=\"elementor-container elementor-column-gap-default\">\n\t\t\t\t\t<div data-etheme-element-link=\"{&quot;url&quot;:&quot;https:\\\/\\\/porterboat.hu\\\/de\\\/schiffe\\\/angelboote-und-ausflugsboote\\\/porter-550-seamaster-angelboot\\\/&quot;,&quot;is_external&quot;:&quot;&quot;,&quot;nofollow&quot;:&quot;&quot;,&quot;custom_attributes&quot;:&quot;&quot;}\" style=\"cursor: pointer\" class=\"elementor-column elementor-col-33 elementor-top-column elementor-element elementor-element-a72ab69\" data-id=\"a72ab69\" data-element_type=\"column\">\n\t\t\t<div class=\"elementor-widget-wrap elementor-element-populated\">\n\t\t\t\t\t\t<div class=\"elementor-element elementor-element-cbca5a9 elementor-widget elementor-widget-image\" data-id=\"cbca5a9\" data-element_type=\"widget\" data-widget_type=\"image.default\">\n\t\t\t\t<div class=\"elementor-widget-container\">\n\t\t\t\t\t\t\t\t\t\t\t\t\t\t\t<img decoding=\"async\" src=\"https:\/\/porterboat.hu\/wp-content\/uploads\/elementor\/thumbs\/porter-550-seamaster-qzdahn19jzpv21m9z433952qhnkwzu62qlcm2091uc.jpg\" title=\"porter-550-seamaster\" alt=\"porter-550-seamaster\" loading=\"lazy\" \/>\t\t\t\t\t\t\t\t\t\t\t\t\t\t\t<\/div>\n\t\t\t\t<\/div>\n\t\t\t\t<div class=\"elementor-element elementor-element-5605a26 elementor-widget elementor-widget-text-editor\" data-id=\"5605a26\" data-element_type=\"widget\" data-widget_type=\"text-editor.default\">\n\t\t\t\t<div class=\"elementor-widget-container\">\n\t\t\t\t\t\t\t\t\t<h2 style=\"text-align: center;\"><span style=\"color: #7392dd;\">Porter 550 Seamaster <span style=\"color: #ffffff;\">Angelboot<\/span><\/span><\/h2>\t\t\t\t\t\t\t\t<\/div>\n\t\t\t\t<\/div>\n\t\t\t\t\t<\/div>\n\t\t<\/div>\n\t\t\t\t<div class=\"elementor-column elementor-col-33 elementor-top-column elementor-element elementor-element-7733564\" data-id=\"7733564\" data-element_type=\"column\">\n\t\t\t<div class=\"elementor-widget-wrap\">\n\t\t\t\t\t\t\t<\/div>\n\t\t<\/div>\n\t\t\t\t<div class=\"elementor-column elementor-col-33 elementor-top-column elementor-element elementor-element-defe53c\" data-id=\"defe53c\" data-element_type=\"column\">\n\t\t\t<div class=\"elementor-widget-wrap\">\n\t\t\t\t\t\t\t<\/div>\n\t\t<\/div>\n\t\t\t\t\t<\/div>\n\t\t<\/section>\n\t\t\t\t<\/div>\n\t\t","protected":false},"excerpt":{"rendered":"<p>Unsere Angelboote und Ausflugsboote W\u00e4hlen Sie den f\u00fcr Sie passenden Bootstyp! Porter X40 Angelboot Porter X45 Angelboot Porter X50 Angelboot Porter X50 DC Angelboot Porter&#8230;<\/p>\n","protected":false},"author":12,"featured_media":4170,"parent":4094,"menu_order":0,"comment_status":"closed","ping_status":"closed","template":"elementor_header_footer","meta":{"footnotes":""},"class_list":["post-4160","page","type-page","status-publish","has-post-thumbnail","hentry"],"yoast_head":"<!-- This site is optimized with the Yoast SEO plugin v27.2 - https:\/\/yoast.com\/product\/yoast-seo-wordpress\/ -->\n<title>Angel- und Ausflugsboote | Porter Boats | Ungarn<\/title>\n<meta name=\"description\" content=\"Porter Angel- und Ausflugsboote \u2013 stabil, praktisch und langlebig f\u00fcr unvergessliche Erlebnisse am Wasser.\" \/>\n<meta name=\"robots\" content=\"index, follow, max-snippet:-1, max-image-preview:large, max-video-preview:-1\" \/>\n<link rel=\"canonical\" href=\"https:\/\/porterboat.hu\/de\/schiffe\/angelboote-und-ausflugsboote\/\" \/>\n<meta property=\"og:locale\" content=\"de_DE\" \/>\n<meta property=\"og:type\" content=\"article\" \/>\n<meta property=\"og:title\" content=\"Angel- und Augsflugsboote - Porter Boats | Hungary\" \/>\n<meta property=\"og:description\" content=\"Porter Angel- und Ausflugsboote \u2013 stabil, praktisch und langlebig f\u00fcr unvergessliche Erlebnisse am Wasser.\" \/>\n<meta property=\"og:url\" content=\"https:\/\/porterboat.hu\/de\/schiffe\/angelboote-und-ausflugsboote\/\" \/>\n<meta property=\"og:site_name\" content=\"Porter Boats | Hungary\" \/>\n<meta property=\"article:modified_time\" content=\"2026-03-19T10:19:20+00:00\" \/>\n<meta property=\"og:image\" content=\"http:\/\/porterboat.hu\/wp-content\/uploads\/2024\/12\/horgasz-kirandulohajok-1024x815.jpg\" \/>\n<meta name=\"twitter:card\" content=\"summary_large_image\" \/>\n<meta name=\"twitter:label1\" content=\"Gesch\u00e4tzte Lesezeit\" \/>\n\t<meta name=\"twitter:data1\" content=\"2\u00a0Minuten\" \/>\n<script type=\"application\/ld+json\" class=\"yoast-schema-graph\">{\"@context\":\"https:\/\/schema.org\",\"@graph\":[{\"@type\":\"WebPage\",\"@id\":\"https:\/\/porterboat.hu\/de\/schiffe\/angelboote-und-ausflugsboote\/\",\"url\":\"https:\/\/porterboat.hu\/de\/schiffe\/angelboote-und-ausflugsboote\/\",\"name\":\"Angel- und Ausflugsboote | Porter Boats | Ungarn\",\"isPartOf\":{\"@id\":\"https:\/\/porterboat.hu\/de\/#website\"},\"primaryImageOfPage\":{\"@id\":\"https:\/\/porterboat.hu\/de\/schiffe\/angelboote-und-ausflugsboote\/#primaryimage\"},\"image\":{\"@id\":\"https:\/\/porterboat.hu\/de\/schiffe\/angelboote-und-ausflugsboote\/#primaryimage\"},\"thumbnailUrl\":\"https:\/\/porterboat.hu\/wp-content\/uploads\/2024\/12\/horgasz-kirandulohajok.jpg\",\"datePublished\":\"2024-12-28T12:28:32+00:00\",\"dateModified\":\"2026-03-19T10:19:20+00:00\",\"description\":\"Porter Angel- und Ausflugsboote \u2013 stabil, praktisch und langlebig f\u00fcr unvergessliche Erlebnisse am Wasser.\",\"breadcrumb\":{\"@id\":\"https:\/\/porterboat.hu\/de\/schiffe\/angelboote-und-ausflugsboote\/#breadcrumb\"},\"inLanguage\":\"de\",\"potentialAction\":[{\"@type\":\"ReadAction\",\"target\":[\"https:\/\/porterboat.hu\/de\/schiffe\/angelboote-und-ausflugsboote\/\"]}]},{\"@type\":\"ImageObject\",\"inLanguage\":\"de\",\"@id\":\"https:\/\/porterboat.hu\/de\/schiffe\/angelboote-und-ausflugsboote\/#primaryimage\",\"url\":\"https:\/\/porterboat.hu\/wp-content\/uploads\/2024\/12\/horgasz-kirandulohajok.jpg\",\"contentUrl\":\"https:\/\/porterboat.hu\/wp-content\/uploads\/2024\/12\/horgasz-kirandulohajok.jpg\",\"width\":1388,\"height\":1105},{\"@type\":\"BreadcrumbList\",\"@id\":\"https:\/\/porterboat.hu\/de\/schiffe\/angelboote-und-ausflugsboote\/#breadcrumb\",\"itemListElement\":[{\"@type\":\"ListItem\",\"position\":1,\"name\":\"Kezd\u0151lap\",\"item\":\"https:\/\/porterboat.hu\/de\/\"},{\"@type\":\"ListItem\",\"position\":2,\"name\":\"Schiffe\",\"item\":\"https:\/\/porterboat.hu\/de\/hajok\/\"},{\"@type\":\"ListItem\",\"position\":3,\"name\":\"Angelboote und Ausflugsboote\"}]},{\"@type\":\"WebSite\",\"@id\":\"https:\/\/porterboat.hu\/de\/#website\",\"url\":\"https:\/\/porterboat.hu\/de\/\",\"name\":\"Porter Boats\",\"description\":\"Horg\u00e1szcs\u00f3nakok, kir\u00e1ndul\u00f3haj\u00f3k \u00e9s felfedez\u0151haj\u00f3k\",\"alternateName\":\"Horg\u00e1szcs\u00f3nakok, kir\u00e1ndul\u00f3haj\u00f3k \u00e9s felfedez\u0151haj\u00f3k\",\"potentialAction\":[{\"@type\":\"SearchAction\",\"target\":{\"@type\":\"EntryPoint\",\"urlTemplate\":\"https:\/\/porterboat.hu\/de\/?s={search_term_string}\"},\"query-input\":{\"@type\":\"PropertyValueSpecification\",\"valueRequired\":true,\"valueName\":\"search_term_string\"}}],\"inLanguage\":\"de\"}]}<\/script>\n<!-- \/ Yoast SEO plugin. -->","yoast_head_json":{"title":"Angel- und Ausflugsboote | Porter Boats | Ungarn","description":"Porter Angel- und Ausflugsboote \u2013 stabil, praktisch und langlebig f\u00fcr unvergessliche Erlebnisse am Wasser.","robots":{"index":"index","follow":"follow","max-snippet":"max-snippet:-1","max-image-preview":"max-image-preview:large","max-video-preview":"max-video-preview:-1"},"canonical":"https:\/\/porterboat.hu\/de\/schiffe\/angelboote-und-ausflugsboote\/","og_locale":"de_DE","og_type":"article","og_title":"Angel- und Augsflugsboote - Porter Boats | Hungary","og_description":"Porter Angel- und Ausflugsboote \u2013 stabil, praktisch und langlebig f\u00fcr unvergessliche Erlebnisse am Wasser.","og_url":"https:\/\/porterboat.hu\/de\/schiffe\/angelboote-und-ausflugsboote\/","og_site_name":"Porter Boats | Hungary","article_modified_time":"2026-03-19T10:19:20+00:00","og_image":[{"url":"http:\/\/porterboat.hu\/wp-content\/uploads\/2024\/12\/horgasz-kirandulohajok-1024x815.jpg","type":"","width":"","height":""}],"twitter_card":"summary_large_image","twitter_misc":{"Gesch\u00e4tzte Lesezeit":"2\u00a0Minuten"},"schema":{"@context":"https:\/\/schema.org","@graph":[{"@type":"WebPage","@id":"https:\/\/porterboat.hu\/de\/schiffe\/angelboote-und-ausflugsboote\/","url":"https:\/\/porterboat.hu\/de\/schiffe\/angelboote-und-ausflugsboote\/","name":"Angel- und Ausflugsboote | Porter Boats | Ungarn","isPartOf":{"@id":"https:\/\/porterboat.hu\/de\/#website"},"primaryImageOfPage":{"@id":"https:\/\/porterboat.hu\/de\/schiffe\/angelboote-und-ausflugsboote\/#primaryimage"},"image":{"@id":"https:\/\/porterboat.hu\/de\/schiffe\/angelboote-und-ausflugsboote\/#primaryimage"},"thumbnailUrl":"https:\/\/porterboat.hu\/wp-content\/uploads\/2024\/12\/horgasz-kirandulohajok.jpg","datePublished":"2024-12-28T12:28:32+00:00","dateModified":"2026-03-19T10:19:20+00:00","description":"Porter Angel- und Ausflugsboote \u2013 stabil, praktisch und langlebig f\u00fcr unvergessliche Erlebnisse am Wasser.","breadcrumb":{"@id":"https:\/\/porterboat.hu\/de\/schiffe\/angelboote-und-ausflugsboote\/#breadcrumb"},"inLanguage":"de","potentialAction":[{"@type":"ReadAction","target":["https:\/\/porterboat.hu\/de\/schiffe\/angelboote-und-ausflugsboote\/"]}]},{"@type":"ImageObject","inLanguage":"de","@id":"https:\/\/porterboat.hu\/de\/schiffe\/angelboote-und-ausflugsboote\/#primaryimage","url":"https:\/\/porterboat.hu\/wp-content\/uploads\/2024\/12\/horgasz-kirandulohajok.jpg","contentUrl":"https:\/\/porterboat.hu\/wp-content\/uploads\/2024\/12\/horgasz-kirandulohajok.jpg","width":1388,"height":1105},{"@type":"BreadcrumbList","@id":"https:\/\/porterboat.hu\/de\/schiffe\/angelboote-und-ausflugsboote\/#breadcrumb","itemListElement":[{"@type":"ListItem","position":1,"name":"Kezd\u0151lap","item":"https:\/\/porterboat.hu\/de\/"},{"@type":"ListItem","position":2,"name":"Schiffe","item":"https:\/\/porterboat.hu\/de\/hajok\/"},{"@type":"ListItem","position":3,"name":"Angelboote und Ausflugsboote"}]},{"@type":"WebSite","@id":"https:\/\/porterboat.hu\/de\/#website","url":"https:\/\/porterboat.hu\/de\/","name":"Porter Boats","description":"Horg\u00e1szcs\u00f3nakok, kir\u00e1ndul\u00f3haj\u00f3k \u00e9s felfedez\u0151haj\u00f3k","alternateName":"Horg\u00e1szcs\u00f3nakok, kir\u00e1ndul\u00f3haj\u00f3k \u00e9s felfedez\u0151haj\u00f3k","potentialAction":[{"@type":"SearchAction","target":{"@type":"EntryPoint","urlTemplate":"https:\/\/porterboat.hu\/de\/?s={search_term_string}"},"query-input":{"@type":"PropertyValueSpecification","valueRequired":true,"valueName":"search_term_string"}}],"inLanguage":"de"}]}},"_links":{"self":[{"href":"https:\/\/porterboat.hu\/de\/wp-json\/wp\/v2\/pages\/4160","targetHints":{"allow":["GET"]}}],"collection":[{"href":"https:\/\/porterboat.hu\/de\/wp-json\/wp\/v2\/pages"}],"about":[{"href":"https:\/\/porterboat.hu\/de\/wp-json\/wp\/v2\/types\/page"}],"author":[{"embeddable":true,"href":"https:\/\/porterboat.hu\/de\/wp-json\/wp\/v2\/users\/12"}],"replies":[{"embeddable":true,"href":"https:\/\/porterboat.hu\/de\/wp-json\/wp\/v2\/comments?post=4160"}],"version-history":[{"count":62,"href":"https:\/\/porterboat.hu\/de\/wp-json\/wp\/v2\/pages\/4160\/revisions"}],"predecessor-version":[{"id":5361,"href":"https:\/\/porterboat.hu\/de\/wp-json\/wp\/v2\/pages\/4160\/revisions\/5361"}],"up":[{"embeddable":true,"href":"https:\/\/porterboat.hu\/de\/wp-json\/wp\/v2\/pages\/4094"}],"wp:featuredmedia":[{"embeddable":true,"href":"https:\/\/porterboat.hu\/de\/wp-json\/wp\/v2\/media\/4170"}],"wp:attachment":[{"href":"https:\/\/porterboat.hu\/de\/wp-json\/wp\/v2\/media?parent=4160"}],"curies":[{"name":"wp","href":"https:\/\/api.w.org\/{rel}","templated":true}]}}