{"id":3624,"date":"2024-12-19T10:44:22","date_gmt":"2024-12-19T10:44:22","guid":{"rendered":"https:\/\/porterboat.hu\/boats\/"},"modified":"2025-09-19T14:18:42","modified_gmt":"2025-09-19T14:18:42","slug":"boats","status":"publish","type":"page","link":"https:\/\/porterboat.hu\/en\/boats\/","title":{"rendered":"Boats"},"content":{"rendered":"\t\t<div data-elementor-type=\"wp-page\" data-elementor-id=\"3624\" class=\"elementor elementor-3624 elementor-1566\" data-elementor-post-type=\"page\">\n\t\t\t\t\t\t<section class=\"elementor-section elementor-top-section elementor-element elementor-element-5daac73 elementor-section-boxed elementor-section-height-default elementor-section-height-default\" data-id=\"5daac73\" data-element_type=\"section\" data-settings=\"{&quot;background_background&quot;:&quot;classic&quot;}\">\n\t\t\t\t\t\t<div class=\"elementor-container elementor-column-gap-default\">\n\t\t\t\t\t<div class=\"elementor-column elementor-col-100 elementor-top-column elementor-element elementor-element-b7c0955\" data-id=\"b7c0955\" data-element_type=\"column\">\n\t\t\t<div class=\"elementor-widget-wrap elementor-element-populated\">\n\t\t\t\t\t\t<div class=\"elementor-element elementor-element-3fbe67a elementor-widget elementor-widget-spacer\" data-id=\"3fbe67a\" data-element_type=\"widget\" data-widget_type=\"spacer.default\">\n\t\t\t\t<div class=\"elementor-widget-container\">\n\t\t\t\t\t\t\t<div class=\"elementor-spacer\">\n\t\t\t<div class=\"elementor-spacer-inner\"><\/div>\n\t\t<\/div>\n\t\t\t\t\t\t<\/div>\n\t\t\t\t<\/div>\n\t\t\t\t\t<\/div>\n\t\t<\/div>\n\t\t\t\t\t<\/div>\n\t\t<\/section>\n\t\t\t\t<section class=\"elementor-section elementor-top-section elementor-element elementor-element-2a87f3a image-enlarge elementor-section-boxed elementor-section-height-default elementor-section-height-default\" data-id=\"2a87f3a\" data-element_type=\"section\" data-settings=\"{&quot;background_background&quot;:&quot;classic&quot;}\">\n\t\t\t\t\t\t<div class=\"elementor-container elementor-column-gap-default\">\n\t\t\t\t\t<div data-etheme-element-link=\"{&quot;url&quot;:&quot;https:\\\/\\\/porterboat.hu\\\/hajok\\\/horgasz-es-kirandulohajok\\\/&quot;,&quot;is_external&quot;:&quot;&quot;,&quot;nofollow&quot;:&quot;&quot;,&quot;custom_attributes&quot;:&quot;&quot;}\" style=\"cursor: pointer\" class=\"elementor-column elementor-col-33 elementor-top-column elementor-element elementor-element-24c3c46\" data-id=\"24c3c46\" data-element_type=\"column\">\n\t\t\t<div class=\"elementor-widget-wrap elementor-element-populated\">\n\t\t\t\t\t\t<div class=\"elementor-element elementor-element-ff0db3e elementor-widget elementor-widget-image\" data-id=\"ff0db3e\" data-element_type=\"widget\" data-widget_type=\"image.default\">\n\t\t\t\t<div class=\"elementor-widget-container\">\n\t\t\t\t\t\t\t\t\t\t\t\t\t\t\t<img decoding=\"async\" src=\"https:\/\/porterboat.hu\/wp-content\/uploads\/elementor\/thumbs\/porter-x50-qzdace3jb0n1sh51q1gu4fyb8yyp6i6kouikxqhh2w.jpg\" title=\"porter-x50\" alt=\"porter-x50\" loading=\"lazy\" \/>\t\t\t\t\t\t\t\t\t\t\t\t\t\t\t<\/div>\n\t\t\t\t<\/div>\n\t\t\t\t<div class=\"elementor-element elementor-element-e648c67 elementor-widget elementor-widget-text-editor\" data-id=\"e648c67\" data-element_type=\"widget\" data-widget_type=\"text-editor.default\">\n\t\t\t\t<div class=\"elementor-widget-container\">\n\t\t\t\t\t\t\t\t\t<h3 style=\"text-align: center;\"><span style=\"color: #7392dd;\">Fishing and recreational boats<\/span><\/h3>\t\t\t\t\t\t\t\t<\/div>\n\t\t\t\t<\/div>\n\t\t\t\t\t<\/div>\n\t\t<\/div>\n\t\t\t\t<div data-etheme-element-link=\"{&quot;url&quot;:&quot;https:\\\/\\\/porterboat.hu\\\/hajok\\\/kabinos-felfedezohajok\\\/&quot;,&quot;is_external&quot;:&quot;&quot;,&quot;nofollow&quot;:&quot;&quot;,&quot;custom_attributes&quot;:&quot;&quot;}\" style=\"cursor: pointer\" class=\"elementor-column elementor-col-33 elementor-top-column elementor-element elementor-element-3de7be4\" data-id=\"3de7be4\" data-element_type=\"column\">\n\t\t\t<div class=\"elementor-widget-wrap elementor-element-populated\">\n\t\t\t\t\t\t<div class=\"elementor-element elementor-element-2bac03e elementor-widget elementor-widget-image\" data-id=\"2bac03e\" data-element_type=\"widget\" data-widget_type=\"image.default\">\n\t\t\t\t<div class=\"elementor-widget-container\">\n\t\t\t\t\t\t\t\t\t\t\t\t\t\t\t<img decoding=\"async\" src=\"https:\/\/porterboat.hu\/wp-content\/uploads\/elementor\/thumbs\/porter-650-ranger-qzdacqbfrv3rzenaqoqziuvayzagykj32izw6bzcu0.jpg\" title=\"porter-650-ranger\" alt=\"porter-650-ranger\" loading=\"lazy\" \/>\t\t\t\t\t\t\t\t\t\t\t\t\t\t\t<\/div>\n\t\t\t\t<\/div>\n\t\t\t\t<div class=\"elementor-element elementor-element-05aa462 elementor-widget elementor-widget-text-editor\" data-id=\"05aa462\" data-element_type=\"widget\" data-widget_type=\"text-editor.default\">\n\t\t\t\t<div class=\"elementor-widget-container\">\n\t\t\t\t\t\t\t\t\t<h3 style=\"text-align: center;\"><span style=\"color: #7392dd;\">Cabin explorer boats<\/span><\/h3>\t\t\t\t\t\t\t\t<\/div>\n\t\t\t\t<\/div>\n\t\t\t\t\t<\/div>\n\t\t<\/div>\n\t\t\t\t<div data-etheme-element-link=\"{&quot;url&quot;:&quot;https:\\\/\\\/porterboat.hu\\\/hajok\\\/munka-es-partraszallohajok\\\/&quot;,&quot;is_external&quot;:&quot;&quot;,&quot;nofollow&quot;:&quot;&quot;,&quot;custom_attributes&quot;:&quot;&quot;}\" style=\"cursor: pointer\" class=\"elementor-column elementor-col-33 elementor-top-column elementor-element elementor-element-cbf80dc\" data-id=\"cbf80dc\" data-element_type=\"column\">\n\t\t\t<div class=\"elementor-widget-wrap elementor-element-populated\">\n\t\t\t\t\t\t<div class=\"elementor-element elementor-element-4407ff1 elementor-widget elementor-widget-image\" data-id=\"4407ff1\" data-element_type=\"widget\" data-widget_type=\"image.default\">\n\t\t\t\t<div class=\"elementor-widget-container\">\n\t\t\t\t\t\t\t\t\t\t\t\t\t\t\t<img decoding=\"async\" src=\"https:\/\/porterboat.hu\/wp-content\/uploads\/elementor\/thumbs\/porter-x600-qzdad86ddps83zxcuegwc8d29aug0thzgze4al8vjs.jpg\" title=\"porter-x600\" alt=\"porter-x600\" loading=\"lazy\" \/>\t\t\t\t\t\t\t\t\t\t\t\t\t\t\t<\/div>\n\t\t\t\t<\/div>\n\t\t\t\t<div class=\"elementor-element elementor-element-a17fca5 elementor-widget elementor-widget-text-editor\" data-id=\"a17fca5\" data-element_type=\"widget\" data-widget_type=\"text-editor.default\">\n\t\t\t\t<div class=\"elementor-widget-container\">\n\t\t\t\t\t\t\t\t\t<h3 style=\"text-align: center;\"><span style=\"color: #7392dd;\">Work &amp; Landing Craft Boat<\/span><\/h3>\t\t\t\t\t\t\t\t<\/div>\n\t\t\t\t<\/div>\n\t\t\t\t\t<\/div>\n\t\t<\/div>\n\t\t\t\t\t<\/div>\n\t\t<\/section>\n\t\t\t\t<section class=\"elementor-section elementor-top-section elementor-element elementor-element-cf8ec57 elementor-section-boxed elementor-section-height-default elementor-section-height-default\" data-id=\"cf8ec57\" data-element_type=\"section\" data-settings=\"{&quot;background_background&quot;:&quot;classic&quot;}\">\n\t\t\t\t\t\t<div class=\"elementor-container elementor-column-gap-default\">\n\t\t\t\t\t<div class=\"elementor-column elementor-col-100 elementor-top-column elementor-element elementor-element-03dd991\" data-id=\"03dd991\" data-element_type=\"column\">\n\t\t\t<div class=\"elementor-widget-wrap elementor-element-populated\">\n\t\t\t\t\t\t<div class=\"elementor-element elementor-element-5a2ec57 elementor-widget elementor-widget-spacer\" data-id=\"5a2ec57\" data-element_type=\"widget\" data-widget_type=\"spacer.default\">\n\t\t\t\t<div class=\"elementor-widget-container\">\n\t\t\t\t\t\t\t<div class=\"elementor-spacer\">\n\t\t\t<div class=\"elementor-spacer-inner\"><\/div>\n\t\t<\/div>\n\t\t\t\t\t\t<\/div>\n\t\t\t\t<\/div>\n\t\t\t\t\t<\/div>\n\t\t<\/div>\n\t\t\t\t\t<\/div>\n\t\t<\/section>\n\t\t\t\t<\/div>\n\t\t","protected":false},"excerpt":{"rendered":"<p>Fishing and recreational boats Cabin explorer boats Work &amp; Landing Craft Boat<\/p>\n","protected":false},"author":12,"featured_media":3426,"parent":0,"menu_order":0,"comment_status":"closed","ping_status":"closed","template":"elementor_header_footer","meta":{"footnotes":""},"class_list":["post-3624","page","type-page","status-publish","has-post-thumbnail","hentry"],"yoast_head":"<!-- This site is optimized with the Yoast SEO plugin v27.2 - https:\/\/yoast.com\/product\/yoast-seo-wordpress\/ -->\n<title>Boats | Porter Boats | Hungary<\/title>\n<meta name=\"description\" content=\"Explore Porter boats: fishing and excursion boats, cabin explorer boats, and durable workboats designed for every purpose.\" \/>\n<meta name=\"robots\" content=\"index, follow, max-snippet:-1, max-image-preview:large, max-video-preview:-1\" \/>\n<link rel=\"canonical\" href=\"https:\/\/porterboat.hu\/en\/boats\/\" \/>\n<meta property=\"og:locale\" content=\"en_US\" \/>\n<meta property=\"og:type\" content=\"article\" \/>\n<meta property=\"og:title\" content=\"Boats - Porter Boats | Hungary\" \/>\n<meta property=\"og:description\" content=\"Explore Porter boats: fishing and excursion boats, cabin explorer boats, and durable workboats designed for every purpose.\" \/>\n<meta property=\"og:url\" content=\"https:\/\/porterboat.hu\/en\/boats\/\" \/>\n<meta property=\"og:site_name\" content=\"Porter Boats | Hungary\" \/>\n<meta property=\"article:modified_time\" content=\"2025-09-19T14:18:42+00:00\" \/>\n<meta property=\"og:image\" content=\"http:\/\/porterboat.hu\/wp-content\/uploads\/2025\/01\/porter-x50.jpg\" \/>\n<meta name=\"twitter:card\" content=\"summary_large_image\" \/>\n<script type=\"application\/ld+json\" class=\"yoast-schema-graph\">{\"@context\":\"https:\/\/schema.org\",\"@graph\":[{\"@type\":\"WebPage\",\"@id\":\"https:\/\/porterboat.hu\/en\/boats\/\",\"url\":\"https:\/\/porterboat.hu\/en\/boats\/\",\"name\":\"Boats | Porter Boats | Hungary\",\"isPartOf\":{\"@id\":\"https:\/\/porterboat.hu\/en\/#website\"},\"primaryImageOfPage\":{\"@id\":\"https:\/\/porterboat.hu\/en\/boats\/#primaryimage\"},\"image\":{\"@id\":\"https:\/\/porterboat.hu\/en\/boats\/#primaryimage\"},\"thumbnailUrl\":\"https:\/\/porterboat.hu\/wp-content\/uploads\/2024\/12\/porter-x45.jpg\",\"datePublished\":\"2024-12-19T10:44:22+00:00\",\"dateModified\":\"2025-09-19T14:18:42+00:00\",\"description\":\"Explore Porter boats: fishing and excursion boats, cabin explorer boats, and durable workboats designed for every purpose.\",\"breadcrumb\":{\"@id\":\"https:\/\/porterboat.hu\/en\/boats\/#breadcrumb\"},\"inLanguage\":\"en-US\",\"potentialAction\":[{\"@type\":\"ReadAction\",\"target\":[\"https:\/\/porterboat.hu\/en\/boats\/\"]}]},{\"@type\":\"ImageObject\",\"inLanguage\":\"en-US\",\"@id\":\"https:\/\/porterboat.hu\/en\/boats\/#primaryimage\",\"url\":\"https:\/\/porterboat.hu\/wp-content\/uploads\/2024\/12\/porter-x45.jpg\",\"contentUrl\":\"https:\/\/porterboat.hu\/wp-content\/uploads\/2024\/12\/porter-x45.jpg\",\"width\":2048,\"height\":1365},{\"@type\":\"BreadcrumbList\",\"@id\":\"https:\/\/porterboat.hu\/en\/boats\/#breadcrumb\",\"itemListElement\":[{\"@type\":\"ListItem\",\"position\":1,\"name\":\"Kezd\u0151lap\",\"item\":\"https:\/\/porterboat.hu\/en\/\"},{\"@type\":\"ListItem\",\"position\":2,\"name\":\"Boats\"}]},{\"@type\":\"WebSite\",\"@id\":\"https:\/\/porterboat.hu\/en\/#website\",\"url\":\"https:\/\/porterboat.hu\/en\/\",\"name\":\"Porter Boats\",\"description\":\"Horg\u00e1szcs\u00f3nakok, kir\u00e1ndul\u00f3haj\u00f3k \u00e9s felfedez\u0151haj\u00f3k\",\"alternateName\":\"Horg\u00e1szcs\u00f3nakok, kir\u00e1ndul\u00f3haj\u00f3k \u00e9s felfedez\u0151haj\u00f3k\",\"potentialAction\":[{\"@type\":\"SearchAction\",\"target\":{\"@type\":\"EntryPoint\",\"urlTemplate\":\"https:\/\/porterboat.hu\/en\/?s={search_term_string}\"},\"query-input\":{\"@type\":\"PropertyValueSpecification\",\"valueRequired\":true,\"valueName\":\"search_term_string\"}}],\"inLanguage\":\"en-US\"}]}<\/script>\n<!-- \/ Yoast SEO plugin. -->","yoast_head_json":{"title":"Boats | Porter Boats | Hungary","description":"Explore Porter boats: fishing and excursion boats, cabin explorer boats, and durable workboats designed for every purpose.","robots":{"index":"index","follow":"follow","max-snippet":"max-snippet:-1","max-image-preview":"max-image-preview:large","max-video-preview":"max-video-preview:-1"},"canonical":"https:\/\/porterboat.hu\/en\/boats\/","og_locale":"en_US","og_type":"article","og_title":"Boats - Porter Boats | Hungary","og_description":"Explore Porter boats: fishing and excursion boats, cabin explorer boats, and durable workboats designed for every purpose.","og_url":"https:\/\/porterboat.hu\/en\/boats\/","og_site_name":"Porter Boats | Hungary","article_modified_time":"2025-09-19T14:18:42+00:00","og_image":[{"url":"http:\/\/porterboat.hu\/wp-content\/uploads\/2025\/01\/porter-x50.jpg","type":"","width":"","height":""}],"twitter_card":"summary_large_image","schema":{"@context":"https:\/\/schema.org","@graph":[{"@type":"WebPage","@id":"https:\/\/porterboat.hu\/en\/boats\/","url":"https:\/\/porterboat.hu\/en\/boats\/","name":"Boats | Porter Boats | Hungary","isPartOf":{"@id":"https:\/\/porterboat.hu\/en\/#website"},"primaryImageOfPage":{"@id":"https:\/\/porterboat.hu\/en\/boats\/#primaryimage"},"image":{"@id":"https:\/\/porterboat.hu\/en\/boats\/#primaryimage"},"thumbnailUrl":"https:\/\/porterboat.hu\/wp-content\/uploads\/2024\/12\/porter-x45.jpg","datePublished":"2024-12-19T10:44:22+00:00","dateModified":"2025-09-19T14:18:42+00:00","description":"Explore Porter boats: fishing and excursion boats, cabin explorer boats, and durable workboats designed for every purpose.","breadcrumb":{"@id":"https:\/\/porterboat.hu\/en\/boats\/#breadcrumb"},"inLanguage":"en-US","potentialAction":[{"@type":"ReadAction","target":["https:\/\/porterboat.hu\/en\/boats\/"]}]},{"@type":"ImageObject","inLanguage":"en-US","@id":"https:\/\/porterboat.hu\/en\/boats\/#primaryimage","url":"https:\/\/porterboat.hu\/wp-content\/uploads\/2024\/12\/porter-x45.jpg","contentUrl":"https:\/\/porterboat.hu\/wp-content\/uploads\/2024\/12\/porter-x45.jpg","width":2048,"height":1365},{"@type":"BreadcrumbList","@id":"https:\/\/porterboat.hu\/en\/boats\/#breadcrumb","itemListElement":[{"@type":"ListItem","position":1,"name":"Kezd\u0151lap","item":"https:\/\/porterboat.hu\/en\/"},{"@type":"ListItem","position":2,"name":"Boats"}]},{"@type":"WebSite","@id":"https:\/\/porterboat.hu\/en\/#website","url":"https:\/\/porterboat.hu\/en\/","name":"Porter Boats","description":"Horg\u00e1szcs\u00f3nakok, kir\u00e1ndul\u00f3haj\u00f3k \u00e9s felfedez\u0151haj\u00f3k","alternateName":"Horg\u00e1szcs\u00f3nakok, kir\u00e1ndul\u00f3haj\u00f3k \u00e9s felfedez\u0151haj\u00f3k","potentialAction":[{"@type":"SearchAction","target":{"@type":"EntryPoint","urlTemplate":"https:\/\/porterboat.hu\/en\/?s={search_term_string}"},"query-input":{"@type":"PropertyValueSpecification","valueRequired":true,"valueName":"search_term_string"}}],"inLanguage":"en-US"}]}},"_links":{"self":[{"href":"https:\/\/porterboat.hu\/en\/wp-json\/wp\/v2\/pages\/3624","targetHints":{"allow":["GET"]}}],"collection":[{"href":"https:\/\/porterboat.hu\/en\/wp-json\/wp\/v2\/pages"}],"about":[{"href":"https:\/\/porterboat.hu\/en\/wp-json\/wp\/v2\/types\/page"}],"author":[{"embeddable":true,"href":"https:\/\/porterboat.hu\/en\/wp-json\/wp\/v2\/users\/12"}],"replies":[{"embeddable":true,"href":"https:\/\/porterboat.hu\/en\/wp-json\/wp\/v2\/comments?post=3624"}],"version-history":[{"count":1,"href":"https:\/\/porterboat.hu\/en\/wp-json\/wp\/v2\/pages\/3624\/revisions"}],"predecessor-version":[{"id":3625,"href":"https:\/\/porterboat.hu\/en\/wp-json\/wp\/v2\/pages\/3624\/revisions\/3625"}],"wp:featuredmedia":[{"embeddable":true,"href":"https:\/\/porterboat.hu\/en\/wp-json\/wp\/v2\/media\/3426"}],"wp:attachment":[{"href":"https:\/\/porterboat.hu\/en\/wp-json\/wp\/v2\/media?parent=3624"}],"curies":[{"name":"wp","href":"https:\/\/api.w.org\/{rel}","templated":true}]}}