{"id":3626,"date":"2024-12-28T13:47:36","date_gmt":"2024-12-28T13:47:36","guid":{"rendered":"https:\/\/porterboat.hu\/boats\/cabin-explorer-boats\/"},"modified":"2025-10-19T15:25:57","modified_gmt":"2025-10-19T15:25:57","slug":"cabin-explorer-boats","status":"publish","type":"page","link":"https:\/\/porterboat.hu\/en\/boats\/cabin-explorer-boats\/","title":{"rendered":"Cabin Explorer Boats"},"content":{"rendered":"\t\t<div data-elementor-type=\"wp-page\" data-elementor-id=\"3626\" class=\"elementor elementor-3626 elementor-1901\" data-elementor-post-type=\"page\">\n\t\t\t\t\t\t<section class=\"elementor-section elementor-top-section elementor-element elementor-element-e4e54ae elementor-section-boxed elementor-section-height-default elementor-section-height-default\" data-id=\"e4e54ae\" data-element_type=\"section\" data-settings=\"{&quot;background_background&quot;:&quot;classic&quot;}\">\n\t\t\t\t\t\t<div class=\"elementor-container elementor-column-gap-default\">\n\t\t\t\t\t<div class=\"elementor-column elementor-col-100 elementor-top-column elementor-element elementor-element-a14feff\" data-id=\"a14feff\" data-element_type=\"column\">\n\t\t\t<div class=\"elementor-widget-wrap elementor-element-populated\">\n\t\t\t\t\t\t<div class=\"elementor-element elementor-element-ea7f0e0 elementor-widget elementor-widget-spacer\" data-id=\"ea7f0e0\" data-element_type=\"widget\" data-widget_type=\"spacer.default\">\n\t\t\t\t<div class=\"elementor-widget-container\">\n\t\t\t\t\t\t\t<div class=\"elementor-spacer\">\n\t\t\t<div class=\"elementor-spacer-inner\"><\/div>\n\t\t<\/div>\n\t\t\t\t\t\t<\/div>\n\t\t\t\t<\/div>\n\t\t\t\t<div class=\"elementor-element elementor-element-b77a5b5 elementor-widget elementor-widget-text-editor\" data-id=\"b77a5b5\" data-element_type=\"widget\" data-widget_type=\"text-editor.default\">\n\t\t\t\t<div class=\"elementor-widget-container\">\n\t\t\t\t\t\t\t\t\t<h1 style=\"font-size: 50px; text-align: center;\"><span style=\"color: #ffffff;\">Cabin explorer boats<\/span><\/h1>\t\t\t\t\t\t\t\t<\/div>\n\t\t\t\t<\/div>\n\t\t\t\t<div class=\"elementor-element elementor-element-4bea504 elementor-widget elementor-widget-text-editor\" data-id=\"4bea504\" data-element_type=\"widget\" data-widget_type=\"text-editor.default\">\n\t\t\t\t<div class=\"elementor-widget-container\">\n\t\t\t\t\t\t\t\t\t<p style=\"text-align: center; font-size: 20px;\">Choose Your New Boat from Our Portfolio!\nOur company specializes in boat design and accommodates custom requests for exploration boats. In addition to our standard models, we have hundreds of boat blueprints and design documents available. <\/p>\t\t\t\t\t\t\t\t<\/div>\n\t\t\t\t<\/div>\n\t\t\t\t\t<\/div>\n\t\t<\/div>\n\t\t\t\t\t<\/div>\n\t\t<\/section>\n\t\t\t\t<section class=\"elementor-section elementor-top-section elementor-element elementor-element-a186f33 image-enlarge elementor-section-boxed elementor-section-height-default elementor-section-height-default\" data-id=\"a186f33\" data-element_type=\"section\" data-settings=\"{&quot;background_background&quot;:&quot;classic&quot;}\">\n\t\t\t\t\t\t<div class=\"elementor-container elementor-column-gap-default\">\n\t\t\t\t\t<div data-etheme-element-link=\"{&quot;url&quot;:&quot;https:\\\/\\\/porterboat.hu\\\/hajok\\\/kabinos-felfedezohajok\\\/porter-650-ranger-hajo\\\/&quot;,&quot;is_external&quot;:&quot;&quot;,&quot;nofollow&quot;:&quot;&quot;,&quot;custom_attributes&quot;:&quot;&quot;}\" style=\"cursor: pointer\" class=\"elementor-column elementor-col-33 elementor-top-column elementor-element elementor-element-0913a0b\" data-id=\"0913a0b\" data-element_type=\"column\">\n\t\t\t<div class=\"elementor-widget-wrap elementor-element-populated\">\n\t\t\t\t\t\t<div class=\"elementor-element elementor-element-591e1e8 elementor-widget elementor-widget-image\" data-id=\"591e1e8\" data-element_type=\"widget\" data-widget_type=\"image.default\">\n\t\t\t\t<div class=\"elementor-widget-container\">\n\t\t\t\t\t\t\t\t\t\t\t\t\t\t\t<img fetchpriority=\"high\" decoding=\"async\" width=\"800\" height=\"450\" src=\"https:\/\/porterboat.hu\/wp-content\/uploads\/elementor\/thumbs\/xstore-placeholder-qyp7iawuqvpzhrfzsminp8byb9veek3zg54nng6t0o.png\" class=\"attachment-full size-full wp-image-2178 lazyload lazyload-simple et-lazyload-fadeIn\" alt=\"\" sizes=\"(max-width: 800px) 100vw, 800px\" data-src=\"https:\/\/porterboat.hu\/wp-content\/uploads\/2025\/01\/porter-650-ranger.jpg\" data-srcset=\"https:\/\/porterboat.hu\/wp-content\/uploads\/2025\/01\/porter-650-ranger.jpg 800w, https:\/\/porterboat.hu\/wp-content\/uploads\/2025\/01\/porter-650-ranger-300x169.jpg 300w, https:\/\/porterboat.hu\/wp-content\/uploads\/2025\/01\/porter-650-ranger-768x432.jpg 768w, https:\/\/porterboat.hu\/wp-content\/uploads\/2025\/01\/porter-650-ranger-18x10.jpg 18w, https:\/\/porterboat.hu\/wp-content\/uploads\/2025\/01\/porter-650-ranger-600x338.jpg 600w, https:\/\/porterboat.hu\/wp-content\/uploads\/2025\/01\/porter-650-ranger-1x1.jpg 1w, https:\/\/porterboat.hu\/wp-content\/uploads\/2025\/01\/porter-650-ranger-10x6.jpg 10w\" \/>\t\t\t\t\t\t\t\t\t\t\t\t\t\t\t<\/div>\n\t\t\t\t<\/div>\n\t\t\t\t<div class=\"elementor-element elementor-element-0edc694 elementor-widget elementor-widget-text-editor\" data-id=\"0edc694\" data-element_type=\"widget\" data-widget_type=\"text-editor.default\">\n\t\t\t\t<div class=\"elementor-widget-container\">\n\t\t\t\t\t\t\t\t\t<h2 style=\"text-align: center;\"><span style=\"color: #7392dd;\">Porter 650 Ranger<\/span><\/h2>\t\t\t\t\t\t\t\t<\/div>\n\t\t\t\t<\/div>\n\t\t\t\t\t<\/div>\n\t\t<\/div>\n\t\t\t\t<div data-etheme-element-link=\"{&quot;url&quot;:&quot;https:\\\/\\\/porterboat.hu\\\/hajok\\\/kabinos-felfedezohajok\\\/porter-700-interceptor-hajo\\\/&quot;,&quot;is_external&quot;:&quot;&quot;,&quot;nofollow&quot;:&quot;&quot;,&quot;custom_attributes&quot;:&quot;&quot;}\" style=\"cursor: pointer\" class=\"elementor-column elementor-col-33 elementor-top-column elementor-element elementor-element-21a89a7\" data-id=\"21a89a7\" data-element_type=\"column\">\n\t\t\t<div class=\"elementor-widget-wrap elementor-element-populated\">\n\t\t\t\t\t\t<div class=\"elementor-element elementor-element-f501609 elementor-widget elementor-widget-image\" data-id=\"f501609\" data-element_type=\"widget\" data-widget_type=\"image.default\">\n\t\t\t\t<div class=\"elementor-widget-container\">\n\t\t\t\t\t\t\t\t\t\t\t\t\t\t\t<img decoding=\"async\" width=\"1200\" height=\"540\" src=\"https:\/\/porterboat.hu\/wp-content\/uploads\/elementor\/thumbs\/xstore-placeholder-qyp7iawvam64ieb8twi2t9oplugqq760xdpyi8ytgo.png\" class=\"attachment-full size-full wp-image-4014 lazyload lazyload-simple et-lazyload-fadeIn\" alt=\"\" sizes=\"(max-width: 1200px) 100vw, 1200px\" data-src=\"https:\/\/porterboat.hu\/wp-content\/uploads\/2025\/04\/porter-700-interceptor-01.jpg\" data-srcset=\"https:\/\/porterboat.hu\/wp-content\/uploads\/2025\/04\/porter-700-interceptor-01.jpg 1200w, https:\/\/porterboat.hu\/wp-content\/uploads\/2025\/04\/porter-700-interceptor-01-300x135.jpg 300w, https:\/\/porterboat.hu\/wp-content\/uploads\/2025\/04\/porter-700-interceptor-01-1024x461.jpg 1024w, https:\/\/porterboat.hu\/wp-content\/uploads\/2025\/04\/porter-700-interceptor-01-768x346.jpg 768w, https:\/\/porterboat.hu\/wp-content\/uploads\/2025\/04\/porter-700-interceptor-01-1x1.jpg 1w, https:\/\/porterboat.hu\/wp-content\/uploads\/2025\/04\/porter-700-interceptor-01-10x5.jpg 10w\" \/>\t\t\t\t\t\t\t\t\t\t\t\t\t\t\t<\/div>\n\t\t\t\t<\/div>\n\t\t\t\t<div class=\"elementor-element elementor-element-0f29c5c elementor-widget elementor-widget-text-editor\" data-id=\"0f29c5c\" data-element_type=\"widget\" data-widget_type=\"text-editor.default\">\n\t\t\t\t<div class=\"elementor-widget-container\">\n\t\t\t\t\t\t\t\t\t<h2 style=\"text-align: center;\"><span style=\"color: #7392dd;\">Porter 700 Interceptor<\/span><\/h2>\t\t\t\t\t\t\t\t<\/div>\n\t\t\t\t<\/div>\n\t\t\t\t\t<\/div>\n\t\t<\/div>\n\t\t\t\t<div data-etheme-element-link=\"{&quot;url&quot;:&quot;https:\\\/\\\/porterboat.hu\\\/hajok\\\/kabinos-felfedezohajok\\\/porter-750-explorer-hajo\\\/&quot;,&quot;is_external&quot;:&quot;&quot;,&quot;nofollow&quot;:&quot;&quot;,&quot;custom_attributes&quot;:&quot;&quot;}\" style=\"cursor: pointer\" class=\"elementor-column elementor-col-33 elementor-top-column elementor-element elementor-element-674edc7\" data-id=\"674edc7\" data-element_type=\"column\">\n\t\t\t<div class=\"elementor-widget-wrap elementor-element-populated\">\n\t\t\t\t\t\t<div class=\"elementor-element elementor-element-86713f7 elementor-widget elementor-widget-image\" data-id=\"86713f7\" data-element_type=\"widget\" data-widget_type=\"image.default\">\n\t\t\t\t<div class=\"elementor-widget-container\">\n\t\t\t\t\t\t\t\t\t\t\t\t\t\t\t<img decoding=\"async\" src=\"https:\/\/porterboat.hu\/wp-content\/uploads\/elementor\/thumbs\/porter-750-explorer-qzdajb6xpe07p36w7u37opw8ibceogswav3orprus4.jpg\" title=\"porter-750-explorer\" alt=\"porter-750-explorer\" loading=\"lazy\" \/>\t\t\t\t\t\t\t\t\t\t\t\t\t\t\t<\/div>\n\t\t\t\t<\/div>\n\t\t\t\t<div class=\"elementor-element elementor-element-15299b4 elementor-widget elementor-widget-text-editor\" data-id=\"15299b4\" data-element_type=\"widget\" data-widget_type=\"text-editor.default\">\n\t\t\t\t<div class=\"elementor-widget-container\">\n\t\t\t\t\t\t\t\t\t<h2 style=\"text-align: center;\"><span style=\"color: #7392dd;\">Porter 750 Explorer<\/span><\/h2>\t\t\t\t\t\t\t\t<\/div>\n\t\t\t\t<\/div>\n\t\t\t\t\t<\/div>\n\t\t<\/div>\n\t\t\t\t\t<\/div>\n\t\t<\/section>\n\t\t\t\t<\/div>\n\t\t","protected":false},"excerpt":{"rendered":"<p>Cabin explorer boats Choose Your New Boat from Our Portfolio! Our company specializes in boat design and accommodates custom requests for exploration boats. In addition&#8230;<\/p>\n","protected":false},"author":12,"featured_media":3112,"parent":3624,"menu_order":0,"comment_status":"closed","ping_status":"closed","template":"elementor_header_footer","meta":{"footnotes":""},"class_list":["post-3626","page","type-page","status-publish","has-post-thumbnail","hentry"],"yoast_head":"<!-- This site is optimized with the Yoast SEO plugin v27.2 - https:\/\/yoast.com\/product\/yoast-seo-wordpress\/ -->\n<title>Cabin Explorer Boats | Porter Boats | Hungary<\/title>\n<meta name=\"description\" content=\"Porter cabin explorer boats \u2013 spacious and comfortable vessels, perfect for long journeys and water adventures.\" \/>\n<meta name=\"robots\" content=\"index, follow, max-snippet:-1, max-image-preview:large, max-video-preview:-1\" \/>\n<link rel=\"canonical\" href=\"https:\/\/porterboat.hu\/en\/boats\/cabin-explorer-boats\/\" \/>\n<meta property=\"og:locale\" content=\"en_US\" \/>\n<meta property=\"og:type\" content=\"article\" \/>\n<meta property=\"og:title\" content=\"Cabin Explorer Boats - Porter Boats | Hungary\" \/>\n<meta property=\"og:description\" content=\"Boats made in Hungary directly from the manufacturer. Standard boats and realization of individual ideas.\" \/>\n<meta property=\"og:url\" content=\"https:\/\/porterboat.hu\/en\/boats\/cabin-explorer-boats\/\" \/>\n<meta property=\"og:site_name\" content=\"Porter Boats | Hungary\" \/>\n<meta property=\"article:modified_time\" content=\"2025-10-19T15:25:57+00:00\" \/>\n<meta property=\"og:image\" content=\"http:\/\/porterboat.hu\/wp-content\/uploads\/2025\/01\/porter-650-ranger.jpg\" \/>\n<meta name=\"twitter:card\" content=\"summary_large_image\" \/>\n<meta name=\"twitter:label1\" content=\"Est. reading time\" \/>\n\t<meta name=\"twitter:data1\" content=\"1 minute\" \/>\n<script type=\"application\/ld+json\" class=\"yoast-schema-graph\">{\"@context\":\"https:\/\/schema.org\",\"@graph\":[{\"@type\":\"WebPage\",\"@id\":\"https:\/\/porterboat.hu\/en\/boats\/cabin-explorer-boats\/\",\"url\":\"https:\/\/porterboat.hu\/en\/boats\/cabin-explorer-boats\/\",\"name\":\"Cabin Explorer Boats | Porter Boats | Hungary\",\"isPartOf\":{\"@id\":\"https:\/\/porterboat.hu\/en\/#website\"},\"primaryImageOfPage\":{\"@id\":\"https:\/\/porterboat.hu\/en\/boats\/cabin-explorer-boats\/#primaryimage\"},\"image\":{\"@id\":\"https:\/\/porterboat.hu\/en\/boats\/cabin-explorer-boats\/#primaryimage\"},\"thumbnailUrl\":\"https:\/\/porterboat.hu\/wp-content\/uploads\/2025\/01\/porter-650-ranger.jpg\",\"datePublished\":\"2024-12-28T13:47:36+00:00\",\"dateModified\":\"2025-10-19T15:25:57+00:00\",\"description\":\"Porter cabin explorer boats \u2013 spacious and comfortable vessels, perfect for long journeys and water adventures.\",\"breadcrumb\":{\"@id\":\"https:\/\/porterboat.hu\/en\/boats\/cabin-explorer-boats\/#breadcrumb\"},\"inLanguage\":\"en-US\",\"potentialAction\":[{\"@type\":\"ReadAction\",\"target\":[\"https:\/\/porterboat.hu\/en\/boats\/cabin-explorer-boats\/\"]}]},{\"@type\":\"ImageObject\",\"inLanguage\":\"en-US\",\"@id\":\"https:\/\/porterboat.hu\/en\/boats\/cabin-explorer-boats\/#primaryimage\",\"url\":\"https:\/\/porterboat.hu\/wp-content\/uploads\/2025\/01\/porter-650-ranger.jpg\",\"contentUrl\":\"https:\/\/porterboat.hu\/wp-content\/uploads\/2025\/01\/porter-650-ranger.jpg\",\"width\":800,\"height\":450},{\"@type\":\"BreadcrumbList\",\"@id\":\"https:\/\/porterboat.hu\/en\/boats\/cabin-explorer-boats\/#breadcrumb\",\"itemListElement\":[{\"@type\":\"ListItem\",\"position\":1,\"name\":\"Kezd\u0151lap\",\"item\":\"https:\/\/porterboat.hu\/en\/\"},{\"@type\":\"ListItem\",\"position\":2,\"name\":\"Boats\",\"item\":\"https:\/\/porterboat.hu\/en\/boats\/\"},{\"@type\":\"ListItem\",\"position\":3,\"name\":\"Cabin Explorer Boats\"}]},{\"@type\":\"WebSite\",\"@id\":\"https:\/\/porterboat.hu\/en\/#website\",\"url\":\"https:\/\/porterboat.hu\/en\/\",\"name\":\"Porter Boats\",\"description\":\"Horg\u00e1szcs\u00f3nakok, kir\u00e1ndul\u00f3haj\u00f3k \u00e9s felfedez\u0151haj\u00f3k\",\"alternateName\":\"Horg\u00e1szcs\u00f3nakok, kir\u00e1ndul\u00f3haj\u00f3k \u00e9s felfedez\u0151haj\u00f3k\",\"potentialAction\":[{\"@type\":\"SearchAction\",\"target\":{\"@type\":\"EntryPoint\",\"urlTemplate\":\"https:\/\/porterboat.hu\/en\/?s={search_term_string}\"},\"query-input\":{\"@type\":\"PropertyValueSpecification\",\"valueRequired\":true,\"valueName\":\"search_term_string\"}}],\"inLanguage\":\"en-US\"}]}<\/script>\n<!-- \/ Yoast SEO plugin. -->","yoast_head_json":{"title":"Cabin Explorer Boats | Porter Boats | Hungary","description":"Porter cabin explorer boats \u2013 spacious and comfortable vessels, perfect for long journeys and water adventures.","robots":{"index":"index","follow":"follow","max-snippet":"max-snippet:-1","max-image-preview":"max-image-preview:large","max-video-preview":"max-video-preview:-1"},"canonical":"https:\/\/porterboat.hu\/en\/boats\/cabin-explorer-boats\/","og_locale":"en_US","og_type":"article","og_title":"Cabin Explorer Boats - Porter Boats | Hungary","og_description":"Boats made in Hungary directly from the manufacturer. Standard boats and realization of individual ideas.","og_url":"https:\/\/porterboat.hu\/en\/boats\/cabin-explorer-boats\/","og_site_name":"Porter Boats | Hungary","article_modified_time":"2025-10-19T15:25:57+00:00","og_image":[{"url":"http:\/\/porterboat.hu\/wp-content\/uploads\/2025\/01\/porter-650-ranger.jpg","type":"","width":"","height":""}],"twitter_card":"summary_large_image","twitter_misc":{"Est. reading time":"1 minute"},"schema":{"@context":"https:\/\/schema.org","@graph":[{"@type":"WebPage","@id":"https:\/\/porterboat.hu\/en\/boats\/cabin-explorer-boats\/","url":"https:\/\/porterboat.hu\/en\/boats\/cabin-explorer-boats\/","name":"Cabin Explorer Boats | Porter Boats | Hungary","isPartOf":{"@id":"https:\/\/porterboat.hu\/en\/#website"},"primaryImageOfPage":{"@id":"https:\/\/porterboat.hu\/en\/boats\/cabin-explorer-boats\/#primaryimage"},"image":{"@id":"https:\/\/porterboat.hu\/en\/boats\/cabin-explorer-boats\/#primaryimage"},"thumbnailUrl":"https:\/\/porterboat.hu\/wp-content\/uploads\/2025\/01\/porter-650-ranger.jpg","datePublished":"2024-12-28T13:47:36+00:00","dateModified":"2025-10-19T15:25:57+00:00","description":"Porter cabin explorer boats \u2013 spacious and comfortable vessels, perfect for long journeys and water adventures.","breadcrumb":{"@id":"https:\/\/porterboat.hu\/en\/boats\/cabin-explorer-boats\/#breadcrumb"},"inLanguage":"en-US","potentialAction":[{"@type":"ReadAction","target":["https:\/\/porterboat.hu\/en\/boats\/cabin-explorer-boats\/"]}]},{"@type":"ImageObject","inLanguage":"en-US","@id":"https:\/\/porterboat.hu\/en\/boats\/cabin-explorer-boats\/#primaryimage","url":"https:\/\/porterboat.hu\/wp-content\/uploads\/2025\/01\/porter-650-ranger.jpg","contentUrl":"https:\/\/porterboat.hu\/wp-content\/uploads\/2025\/01\/porter-650-ranger.jpg","width":800,"height":450},{"@type":"BreadcrumbList","@id":"https:\/\/porterboat.hu\/en\/boats\/cabin-explorer-boats\/#breadcrumb","itemListElement":[{"@type":"ListItem","position":1,"name":"Kezd\u0151lap","item":"https:\/\/porterboat.hu\/en\/"},{"@type":"ListItem","position":2,"name":"Boats","item":"https:\/\/porterboat.hu\/en\/boats\/"},{"@type":"ListItem","position":3,"name":"Cabin Explorer Boats"}]},{"@type":"WebSite","@id":"https:\/\/porterboat.hu\/en\/#website","url":"https:\/\/porterboat.hu\/en\/","name":"Porter Boats","description":"Horg\u00e1szcs\u00f3nakok, kir\u00e1ndul\u00f3haj\u00f3k \u00e9s felfedez\u0151haj\u00f3k","alternateName":"Horg\u00e1szcs\u00f3nakok, kir\u00e1ndul\u00f3haj\u00f3k \u00e9s felfedez\u0151haj\u00f3k","potentialAction":[{"@type":"SearchAction","target":{"@type":"EntryPoint","urlTemplate":"https:\/\/porterboat.hu\/en\/?s={search_term_string}"},"query-input":{"@type":"PropertyValueSpecification","valueRequired":true,"valueName":"search_term_string"}}],"inLanguage":"en-US"}]}},"_links":{"self":[{"href":"https:\/\/porterboat.hu\/en\/wp-json\/wp\/v2\/pages\/3626","targetHints":{"allow":["GET"]}}],"collection":[{"href":"https:\/\/porterboat.hu\/en\/wp-json\/wp\/v2\/pages"}],"about":[{"href":"https:\/\/porterboat.hu\/en\/wp-json\/wp\/v2\/types\/page"}],"author":[{"embeddable":true,"href":"https:\/\/porterboat.hu\/en\/wp-json\/wp\/v2\/users\/12"}],"replies":[{"embeddable":true,"href":"https:\/\/porterboat.hu\/en\/wp-json\/wp\/v2\/comments?post=3626"}],"version-history":[{"count":14,"href":"https:\/\/porterboat.hu\/en\/wp-json\/wp\/v2\/pages\/3626\/revisions"}],"predecessor-version":[{"id":4979,"href":"https:\/\/porterboat.hu\/en\/wp-json\/wp\/v2\/pages\/3626\/revisions\/4979"}],"up":[{"embeddable":true,"href":"https:\/\/porterboat.hu\/en\/wp-json\/wp\/v2\/pages\/3624"}],"wp:featuredmedia":[{"embeddable":true,"href":"https:\/\/porterboat.hu\/en\/wp-json\/wp\/v2\/media\/3112"}],"wp:attachment":[{"href":"https:\/\/porterboat.hu\/en\/wp-json\/wp\/v2\/media?parent=3626"}],"curies":[{"name":"wp","href":"https:\/\/api.w.org\/{rel}","templated":true}]}}